{"id":145,"date":"2025-01-07T22:38:51","date_gmt":"2025-01-07T21:38:51","guid":{"rendered":"https:\/\/welkominpostert.nl\/?page_id=145"},"modified":"2025-02-25T19:00:08","modified_gmt":"2025-02-25T18:00:08","slug":"toneelvereniging-kunst-en-vermaak","status":"publish","type":"page","link":"https:\/\/welkominpostert.nl\/index.php\/toneelvereniging-kunst-en-vermaak\/","title":{"rendered":"Toneelvereniging Kunst en Vermaak"},"content":{"rendered":"<div class=\"wpb-content-wrapper\"><p>[vc_row css_animation=&#8221;bounceInRight&#8221; css=&#8221;.vc_custom_1740506358264{margin-top: 10px !important;border-top-width: 10px !important;padding-top: 10px !important;}&#8221;][vc_column css_animation=&#8221;bounceInLeft&#8221; width=&#8221;2\/3&#8243; css=&#8221;.vc_custom_1740506392687{margin-top: 10px !important;border-top-width: 10px !important;padding-top: 10px !important;}&#8221;][vc_column_text css_animation=&#8221;bounceInLeft&#8221; css=&#8221;.vc_custom_1740506406797{margin-top: 10px !important;border-top-width: 10px !important;padding-top: 10px !important;}&#8221;]Toneelvereniging Kunst en Vermaak bestaat uit een klein en gezellig groepje mensen van allerlei leeftijden, die zich het hele jaar bezighouden met repetities en b\u00fchnebouw, om \u00e9\u00e9n keer per jaar een schitterend toneelstuk op de planken te zetten.<\/p>\n<p>Meestal is dit een klucht of komedie zodat we de mensen een gezellige, zorgeloze voorstelling kunnen bezorgen.<\/p>\n<p>Ben je ge\u00efnteresseerd om ons team te komen versterken?<\/p>\n<p>Neem dan gerust contact op of kom eens een kijkje nemen op een repetitie-avond.<\/p>\n<p>Contactpersoon: Henny Schmitz-Ridderbeks (secretaris)[\/vc_column_text][\/vc_column][vc_column width=&#8221;1\/3&#8243;][vc_single_image image=&#8221;638&#8243; img_size=&#8221;full&#8221; css=&#8221;.vc_custom_1740505963498{margin-top: 10px !important;border-top-width: 10px !important;padding-top: 10px !important;}&#8221;]<div class=\"custom-contact-info\"><p><a href=\"tel:06-12828038\" target=\"_blank\"><i class=\"fa fa-phone\"><\/i> 06-12828038<\/a><\/p><p><a href=\"mailto:info@kunstenvermaakposterholt.nl\" target=\"_blank\"><i class=\"fa fa-envelope\"><\/i> info@kunstenvermaakposterholt.nl<\/a><\/p><p><a href=\"http:\/\/www.kunstenvermaakposterholt.nl\" target=\"_blank\"><i class=\"fa fa-globe\"><\/i> www.kunstenvermaakposterholt.nl<\/a><\/p><p><a href=\"https:\/\/www.facebook.com\/toneelverenigingkunstenvermaak\" target=\"_blank\"><i class=\"fa fa-facebook\"><\/i> Facebook<\/a><\/p><\/div>[\/vc_column][\/vc_row]<\/p>\n<\/div>","protected":false},"excerpt":{"rendered":"<p>[vc_row css_animation=&#8221;bounceInRight&#8221; css=&#8221;.vc_custom_1740506358264{margin-top: 10px !important;border-top-width: 10px !important;padding-top: 10px !important;}&#8221;][vc_column css_animation=&#8221;bounceInLeft&#8221; width=&#8221;2\/3&#8243; css=&#8221;.vc_custom_1740506392687{margin-top: 10px !important;border-top-width: 10px !important;padding-top: 10px !important;}&#8221;][vc_column_text css_animation=&#8221;bounceInLeft&#8221; css=&#8221;.vc_custom_1740506406797{margin-top: 10px !important;border-top-width: 10px !important;padding-top: 10px !important;}&#8221;]Toneelvereniging Kunst en Vermaak bestaat uit een klein en gezellig groepje mensen van allerlei leeftijden, die zich het hele jaar bezighouden met repetities en b\u00fchnebouw, om \u00e9\u00e9n keer per jaar<\/p>\n","protected":false},"author":2,"featured_media":0,"parent":0,"menu_order":0,"comment_status":"closed","ping_status":"closed","template":"","meta":{"footnotes":""},"class_list":["post-145","page","type-page","status-publish","hentry"],"_links":{"self":[{"href":"https:\/\/welkominpostert.nl\/index.php\/wp-json\/wp\/v2\/pages\/145","targetHints":{"allow":["GET"]}}],"collection":[{"href":"https:\/\/welkominpostert.nl\/index.php\/wp-json\/wp\/v2\/pages"}],"about":[{"href":"https:\/\/welkominpostert.nl\/index.php\/wp-json\/wp\/v2\/types\/page"}],"author":[{"embeddable":true,"href":"https:\/\/welkominpostert.nl\/index.php\/wp-json\/wp\/v2\/users\/2"}],"replies":[{"embeddable":true,"href":"https:\/\/welkominpostert.nl\/index.php\/wp-json\/wp\/v2\/comments?post=145"}],"version-history":[{"count":11,"href":"https:\/\/welkominpostert.nl\/index.php\/wp-json\/wp\/v2\/pages\/145\/revisions"}],"predecessor-version":[{"id":642,"href":"https:\/\/welkominpostert.nl\/index.php\/wp-json\/wp\/v2\/pages\/145\/revisions\/642"}],"wp:attachment":[{"href":"https:\/\/welkominpostert.nl\/index.php\/wp-json\/wp\/v2\/media?parent=145"}],"curies":[{"name":"wp","href":"https:\/\/api.w.org\/{rel}","templated":true}]}}