{"id":443,"date":"2025-02-21T09:08:31","date_gmt":"2025-02-21T08:08:31","guid":{"rendered":"https:\/\/welkominpostert.nl\/?page_id=443"},"modified":"2025-02-25T21:07:50","modified_gmt":"2025-02-25T20:07:50","slug":"whatsapp-buurtpreventie-groepen","status":"publish","type":"page","link":"https:\/\/welkominpostert.nl\/index.php\/whatsapp-buurtpreventie-groepen\/","title":{"rendered":"WhatsApp Buurtpreventie groepen"},"content":{"rendered":"<div class=\"wpb-content-wrapper\"><p>[vc_row css=&#8221;.vc_custom_1740513785684{margin-top: 30px !important;margin-bottom: 0px !important;border-top-width: 0px !important;border-bottom-width: 0px !important;padding-top: 0px !important;padding-bottom: 0px !important;}&#8221;][vc_column width=&#8221;2\/3&#8243; css=&#8221;.vc_custom_1740513811681{margin-top: 20px !important;margin-bottom: 0px !important;border-top-width: 0px !important;border-bottom-width: 0px !important;padding-top: 0px !important;padding-bottom: 0px !important;}&#8221;][vc_column_text css_animation=&#8221;bounceInLeft&#8221; css=&#8221;&#8221;]In Posterholt zijn diverse WhatsApp buurtpreventiegroepen actief. Via WhatsApp wisselen bewoners onderling makkelijk en snel informatie uit bij verdachte situaties in de buurt. Wilt u weten welke WhatsApp buurtpreventiegroep bij u actief is? Zoek dan uw straat in onderstaand overzicht.<\/p>\n<p>[\/vc_column_text][\/vc_column][vc_column css_animation=&#8221;bounceInRight&#8221; width=&#8221;1\/3&#8243;][vc_single_image image=&#8221;689&#8243; img_size=&#8221;full&#8221; css=&#8221;&#8221;][\/vc_column][\/vc_row][vc_row css=&#8221;.vc_custom_1740512622665{margin-top: 10px !important;border-top-width: 10px !important;padding-top: 10px !important;}&#8221;][vc_column css=&#8221;.vc_custom_1740512631888{margin-top: 10px !important;border-top-width: 10px !important;padding-top: 10px !important;}&#8221;][vc_column_text css_animation=&#8221;bounceInUp&#8221; css=&#8221;&#8221;]<strong>Buurtpreventiegroep De Donck\u00a0<\/strong><\/p>\n<p>Contactpersoon: Jean Goessen<\/p>\n<p>E-mail: Buurtappdedonck@gmail.com<\/p>\n<p>Straten: Heerbaan (H\u00f6fkensweg &#8211; Hoofdstraat), Mathiasweg, Middenweg, Hoofdstraat (H\u00f6fkensweg &#8211; Roermondseweg), Donckerstraat (tot aan Akerstraat), Roermondseweg (tot aan Postweg), Burgemeester Geradtsstraat, Reijpenweg, Aan de Leigraaf, Dr. Schaepmanstraat, Dr. Poelsstraat, Dr. Ari\u00ebnstraat, Struukskensweg, Mgr. Nolenstraat, Eijkersstraat, Roskammerweg, Aerwinkelallee, Kasteel Aerwinkel, Holsterweg (tot aan viaduct), Weg van de Roskam naar Vlodrop.<\/p>\n<p>&nbsp;<\/p>\n<p><strong>Buurtpreventiegroep Streekelana<\/strong><\/p>\n<p>Contactpersoon: Sandra Moors<\/p>\n<p>E-mail: Streekelana@gmail.com<\/p>\n<p>Straten: Streekelsweg, Wittemolenweg, H\u00f6fkensweg, Zwartemolenweg, Zwartemolenhof, Heerbaan (H\u00f6fkensweg &#8211; Nieuw Holsterweg), Hoofdstraat (H\u00f6fkensweg &#8211; Nieuw Holsterweg).<\/p>\n<p>&nbsp;<\/p>\n<p><strong>Buurtpreventiegroep Buurtrondomchristinalaan<\/strong><\/p>\n<p>Contactpersoon: Ger van Kruchten<\/p>\n<p>E-mail: Buurtrondomchristinalaan@gmail.com<\/p>\n<p>Straten: Christinalaan 1 t\/m 40, Brouwersstraat, Nieuw Holsterweg 1 t\/m 38, Heerbaan 1 t\/m 27, Raadhuisstraat, Hopstraat, Lagerstraat, Johan-Frisolaan, Mgr. Koningsstraat, Willem Alexanderlaan 19 t\/m 29, Hoofdstraat 63 t\/m 120, Aan de oude Markt, Vurensteeg.<\/p>\n<p>&nbsp;<\/p>\n<p><strong>Buurtpreventiegroep Koningswijk<\/strong><\/p>\n<p>Contactpersoon: Sandra Moors\/Ronald Abels<\/p>\n<p>E-mail: Koningswijkposterholt@gmail.com<\/p>\n<p>Straten: Beatrixlaan, Margrietlaan, Constantijnlaan, Emmalaan, Willem Alexanderlaan (Mgr. Koningsstraat &#8211; Trambaan), Christinalaan (Mgr. Koningsstraat &#8211; Vlodropperweg), Karbaan, Trambaan, Varenweg, Voermanlaan, Irenelaan, Hoofdstraat (Mgr. Koningsstraat &#8211; Vlodropperweg).<\/p>\n<p>&nbsp;<\/p>\n<p><strong>Buurtpreventiegroep Zuid Posterholt<\/strong><\/p>\n<p>Contactpersoon: Peter Diels<\/p>\n<p>E-mail: Buurtpreventieomgevingwilhelminalaan@hotmail.com<\/p>\n<p>Straten: Vlodropperweg, Wilhelminalaan, Bernhardlaan, Julianalaan, Rector van den Boornlaan, Heinsbergerweg, Winkelweg, Bolbergweg, Boomstraat.<\/p>\n<p>&nbsp;<\/p>\n<p><strong>Buurtpreventiegroep De Varsj<\/strong><\/p>\n<p>Contactpersoon: Ger Roncken<\/p>\n<p>E-mail: Bpdevarsj@gmail.com<\/p>\n<p>Straten: Wijk de Varst[\/vc_column_text][\/vc_column][\/vc_row]<\/p>\n<\/div>","protected":false},"excerpt":{"rendered":"<p>[vc_row css=&#8221;.vc_custom_1740513785684{margin-top: 30px !important;margin-bottom: 0px !important;border-top-width: 0px !important;border-bottom-width: 0px !important;padding-top: 0px !important;padding-bottom: 0px !important;}&#8221;][vc_column width=&#8221;2\/3&#8243; css=&#8221;.vc_custom_1740513811681{margin-top: 20px !important;margin-bottom: 0px !important;border-top-width: 0px !important;border-bottom-width: 0px !important;padding-top: 0px !important;padding-bottom: 0px !important;}&#8221;][vc_column_text css_animation=&#8221;bounceInLeft&#8221; css=&#8221;&#8221;]In Posterholt zijn diverse WhatsApp buurtpreventiegroepen actief. Via WhatsApp wisselen bewoners onderling makkelijk en snel informatie uit bij verdachte situaties in de buurt. Wilt u weten<\/p>\n","protected":false},"author":2,"featured_media":0,"parent":0,"menu_order":0,"comment_status":"closed","ping_status":"closed","template":"","meta":{"footnotes":""},"class_list":["post-443","page","type-page","status-publish","hentry"],"_links":{"self":[{"href":"https:\/\/welkominpostert.nl\/index.php\/wp-json\/wp\/v2\/pages\/443","targetHints":{"allow":["GET"]}}],"collection":[{"href":"https:\/\/welkominpostert.nl\/index.php\/wp-json\/wp\/v2\/pages"}],"about":[{"href":"https:\/\/welkominpostert.nl\/index.php\/wp-json\/wp\/v2\/types\/page"}],"author":[{"embeddable":true,"href":"https:\/\/welkominpostert.nl\/index.php\/wp-json\/wp\/v2\/users\/2"}],"replies":[{"embeddable":true,"href":"https:\/\/welkominpostert.nl\/index.php\/wp-json\/wp\/v2\/comments?post=443"}],"version-history":[{"count":15,"href":"https:\/\/welkominpostert.nl\/index.php\/wp-json\/wp\/v2\/pages\/443\/revisions"}],"predecessor-version":[{"id":692,"href":"https:\/\/welkominpostert.nl\/index.php\/wp-json\/wp\/v2\/pages\/443\/revisions\/692"}],"wp:attachment":[{"href":"https:\/\/welkominpostert.nl\/index.php\/wp-json\/wp\/v2\/media?parent=443"}],"curies":[{"name":"wp","href":"https:\/\/api.w.org\/{rel}","templated":true}]}}